{"id":28,"date":"2022-07-25T19:16:04","date_gmt":"2022-07-25T19:16:04","guid":{"rendered":"https:\/\/lyndenschools.wp.eresources.ws\/fisher-elementary\/?page_id=28"},"modified":"2022-12-12T09:15:54","modified_gmt":"2022-12-12T17:15:54","slug":"weekly-memo","status":"publish","type":"page","link":"https:\/\/lyndenschools.wp.eresources.ws\/fisher-elementary\/our-school\/weekly-memo\/","title":{"rendered":"Weekly Memo"},"content":{"rendered":"\n<p><strong><u>&nbsp;Fisher Friday Update 12\/09\/2022<\/u><\/strong><\/p>\n\n\n\n<p><strong><u>Fisher Monthly Character Trait for December: <\/u><\/strong><strong>&nbsp;Empathy<\/strong><\/p>\n\n\n\n<p>A \u201cPurposeFull\u201d Pursuit you can practice as a family:<\/p>\n\n\n\n<p>Review Empathy as a family! Remember that Empathy is understanding and connecting with other people\u2019s feelings. Schedule a family movie night so that you can specifically watch for feelings and emotions. Let everyone know that you\u2019d like them to point out how the characters in the show are feeling and that you will pause periodically to discuss Empathy. As emotions are identified, invite one another to Empathize by sharing about a time they felt that way or imagining how they might be feeling in that moment.<\/p>\n\n\n\n<p><strong>Note from Dr. Julie van Wyck, Asst. Superintendent Teaching &amp; Learning:<\/strong><\/p>\n\n\n\n<p>Hello Lynden School District Families,&nbsp;<\/p>\n\n\n\n<p>I hope this email finds you well and preparing for a wonderful winter break and holiday season!<br><br>First, thank you again to the 65+ families who provided feedback last fall as we began the process of aligning our report card across our three elementary schools, as well as across grade levels. Your feedback most definitely helped guide our team of teachers!&nbsp;<br><br>I&#8217;m hoping you might have five minutes to complete our <a href=\"https:\/\/forms.office.com\/r\/JtNMLLzhiNfeedback\">elementary report card family survey<\/a> to provide your thoughts about the report card and family guide you received at fall conferences. Please note that the family guide is only provided at fall conferences but will be available on our district website should you need an additional copy.<br><br>Your feedback is very important to us and is absolutely taken into consideration! Thank you, and Happy Holidays!<br><br><strong><u>A Note from Mrs. Caldarella, School Counselor:<\/u><\/strong>&nbsp; Please click on the links below to see Mrs. Caldarella\u2019s year end wrap up.<\/p>\n\n\n\n<p>English:&nbsp;&nbsp;&nbsp; &nbsp;&nbsp;&nbsp;&nbsp;&nbsp;<a href=\"https:\/\/www.smore.com\/x8q3p\">https:\/\/www.smore.com\/x8q3p<\/a> &nbsp;&nbsp;&nbsp;&nbsp;&nbsp;&nbsp;&nbsp;&nbsp;&nbsp;&nbsp;&nbsp;&nbsp;&nbsp;&nbsp;&nbsp;&nbsp;&nbsp;<\/p>\n\n\n\n<p>Spanish:&nbsp;&nbsp;&nbsp;&nbsp;&nbsp;&nbsp;&nbsp;&nbsp; <a href=\"https:\/\/www.smore.com\/fcsev\">https:\/\/www.smore.com\/fcsev<\/a><\/p>\n\n\n\n<p><strong><u>PTA General Meeting:<\/u><\/strong><\/p>\n\n\n\n<p>Please come to the PTA December General Meeting to hear more about PTA sponsored events, such as Father\/Daughter Dance, Mother\/Son Event, Family Fun Fair, Fundraisers, and more!&nbsp;<\/p>\n\n\n\n<p><strong>When: Tuesday, December 13, 7PM<\/strong><\/p>\n\n\n\n<p><strong>Where: Fisher Elementary Library<\/strong><\/p>\n\n\n\n<p>Every week we will share pertinent info from our school handbook.&nbsp; The handbook is available <a href=\"https:\/\/lyndenschools.wp.eresources.ws\/fisher-elementary\/family-handbook\/\">HERE<\/a> in its entirety.<\/p>\n\n\n\n<p><strong><u>Fisher Handbook Pro Tip: Lost and Found<\/u><\/strong><\/p>\n\n\n\n<p>The school maintains a \u201cLost and Found\u201d for unclaimed clothing items located near the office.&nbsp; Students and parents are encouraged to check the \u201cLost and Found\u201d for articles of clothing.&nbsp; School supplies, etc. that have been lost or misplaced can be claimed in the school office.&nbsp; Parents are requested to place suitable identification on clothing, lunch boxes, glasses, watches, etc. in order to help us return these items to their owners. Unclaimed items will be donated to local charities at the end of June.<\/p>\n\n\n\n<p>**The Fisher Lost and Found is starting to fill up. Please take a moment to look over the attachment to see if you recognize any of these items.<\/p>\n\n\n\n<p><strong><u>Winter Weather: <\/u><\/strong>Lynden Schools posts updates on their&nbsp;<a href=\"https:\/\/www.facebook.com\/LyndenSchools\/\">Facebook<\/a>&nbsp;page and&nbsp;<a href=\"https:\/\/twitter.com\/lyndenschools?lang=en\">Twitter<\/a>&nbsp;account. Up to date information is on the district website <a href=\"http:\/\/www.lynden.wednet.edu\/\">www.lynden.wednet.edu<\/a>. &nbsp;<strong><u>Remember to&nbsp;refresh&nbsp;your webpage to view updated information&nbsp;<\/u><\/strong><\/p>\n\n\n\n<p><strong><u>Outdoor Recess:<\/u><\/strong>&nbsp; Please make sure you are sending your kids to school with appropriate outdoor wear. It\u2019s getting colder and wetter, and students have outdoor recess rain or shine. It is very helpful to send\/keep extra clothes in your child\u2019s backpack in case they get super wet at recess.&nbsp; We have some dedicated soccer players that love to play in the field and with that comes wet, muddy clothes.<\/p>\n\n\n\n<p><strong><u>Winter Program<\/u><\/strong><strong>: the 4<sup>th<\/sup> and 5<sup>th<\/sup> grades will be presenting \u201cCrazy Carols\u201d Dec. 15 at 6:30. Doors will open at 6:15. The entrance will not be the main doors, but instead use the student entrance adjacent to the gym.<\/strong><strong><\/strong><\/p>\n\n\n\n<p><strong><u>Looking Ahead:<\/u><\/strong><\/p>\n\n\n\n<p>12\/12 &nbsp;&nbsp;&nbsp;&nbsp;&nbsp;&nbsp;&nbsp;&nbsp;&nbsp;&nbsp;&nbsp;&nbsp;&nbsp; Internet Safety Presentation for 3<sup>rd<\/sup> &amp; 4<sup>th<\/sup> Grade<\/p>\n\n\n\n<p>12\/13&nbsp;&nbsp;&nbsp;&nbsp;&nbsp;&nbsp;&nbsp;&nbsp;&nbsp;&nbsp;&nbsp;&nbsp;&nbsp;&nbsp; PTA General Meeting 7PM, Fisher Library<\/p>\n\n\n\n<p>12\/14&nbsp;&nbsp;&nbsp;&nbsp;&nbsp;&nbsp;&nbsp;&nbsp;&nbsp;&nbsp;&nbsp;&nbsp;&nbsp;&nbsp; Late start Wednesday \u2013 School begins at 9:55<\/p>\n\n\n\n<p>12\/14&nbsp;&nbsp;&nbsp;&nbsp;&nbsp;&nbsp;&nbsp;&nbsp;&nbsp;&nbsp;&nbsp;&nbsp;&nbsp;&nbsp; All Pro Dads Meeting 9-9:45<\/p>\n\n\n\n<p>12\/15&nbsp;&nbsp;&nbsp;&nbsp;&nbsp;&nbsp;&nbsp;&nbsp;&nbsp;&nbsp;&nbsp;&nbsp;&nbsp;&nbsp; 4<sup>th<\/sup> &amp; 5<sup>Th<\/sup> Grade Winter Program<\/p>\n\n\n\n<p>12\/16&nbsp;&nbsp;&nbsp;&nbsp;&nbsp;&nbsp;&nbsp;&nbsp;&nbsp;&nbsp;&nbsp;&nbsp;&nbsp;&nbsp; Comfy, Cozy Day \u2013 Dress in your coziest, comfiest clothes<\/p>\n\n\n\n<p>12\/19-1\/2&nbsp;&nbsp;&nbsp;&nbsp;&nbsp;&nbsp;&nbsp; Winter Break<\/p>\n\n\n\n<p>1\/3 &nbsp;&nbsp;&nbsp;&nbsp;&nbsp;&nbsp;&nbsp;&nbsp;&nbsp;&nbsp;&nbsp;&nbsp;&nbsp;&nbsp;&nbsp;&nbsp;&nbsp; School Resumes<\/p>\n\n\n\n<p>1\/11&nbsp;&nbsp;&nbsp;&nbsp;&nbsp;&nbsp;&nbsp;&nbsp;&nbsp;&nbsp;&nbsp;&nbsp;&nbsp;&nbsp;&nbsp;&nbsp; All Pro Dads Meeting 9-9:45<\/p>\n\n\n\n<p>1\/16&nbsp;&nbsp;&nbsp;&nbsp;&nbsp;&nbsp;&nbsp;&nbsp;&nbsp;&nbsp;&nbsp;&nbsp;&nbsp;&nbsp;&nbsp;&nbsp; No School \u2013 MLK Jr. Day Observed<\/p>\n\n\n\n<p>1\/27&nbsp;&nbsp;&nbsp;&nbsp;&nbsp;&nbsp;&nbsp;&nbsp;&nbsp;&nbsp;&nbsp;&nbsp;&nbsp;&nbsp;&nbsp;&nbsp; No School for Students \u2013 Professional Learning Day for Teachers<\/p>\n\n\n\n<p><strong><u>&nbsp;Actualizaci\u00f3n de Viernes de Fisher 12\/09\/2022<\/u><\/strong><strong><u><\/u><\/strong><\/p>\n\n\n\n<p><strong><u>Rasgo de car\u00e1cter mensual de Fisher para diciembre: <\/u><\/strong><strong>&nbsp;empat\u00eda<\/strong><strong><\/strong><\/p>\n\n\n\n<p>Una b\u00fasqueda &#8220;con prop\u00f3sito&#8221; que puede practicar en familia:<\/p>\n\n\n\n<p>\u00a1Revisa la empat\u00eda en familia! Recuerde que la empat\u00eda es comprender y conectarse con los sentimientos de otras personas. Programe una noche de cine familiar para que pueda observar espec\u00edficamente los sentimientos y las emociones. Hazles saber a todos que te gustar\u00eda que notaran c\u00f3mo se sienten los personajes del programa y que har\u00e1s una pausa peri\u00f3dica para hablar sobre la empat\u00eda. A medida que se identifican las emociones, inv\u00edtense mutuamente a empatizar compartiendo sobre un momento en que se sintieron de esa manera o imaginando c\u00f3mo podr\u00edan sentirse en ese momento.<\/p>\n\n\n\n<p><strong><u>Nota de la Dra. Julie van Wyck, Superintendente Asistente de Ense\u00f1anza + Aprendizaje:<\/u><\/strong><strong><u><\/u><\/strong><\/p>\n\n\n\n<p>Hola familias del Distrito Escolar de Lynden,<\/p>\n\n\n\n<p>\u00a1Espero que este correo electr\u00f3nico te encuentre bien y te prepare para unas maravillosas vacaciones de invierno y temporada de vacaciones!<br><br>Primero, gracias nuevamente a las familias 65 + que proporcionaron comentarios el oto\u00f1o pasado cuando comenzamos el proceso de alinear nuestra boleta de calificaciones en nuestras tres escuelas primarias, as\u00ed como en todos los niveles de grado. \u00a1Sus comentarios definitivamente ayudaron a guiar a nuestro equipo de maestros!&nbsp;<br><br>Espero que tenga cinco minutos para completar nuestra &nbsp;encuesta familiar de boletas de calificaciones de primaria para proporcionar sus pensamientos sobre la <a href=\"https:\/\/forms.office.com\/r\/JtNMLLzhiNfeedback\">boleta<\/a> de calificaciones y la gu\u00eda familiar que recibi\u00f3 en las conferencias de oto\u00f1o. Tenga en cuenta que la gu\u00eda familiar solo se proporciona en las conferencias de oto\u00f1o, pero estar\u00e1 disponible en el sitio web de nuestro distrito si necesita una copia adicional. &nbsp;<br><br>\u00a1Sus comentarios son muy importantes para nosotros y se tienen absolutamente en cuenta! \u00a1Gracias y felices fiestas!<br><br><strong><u>Una nota de la Sra. Caldarella, Consejera Escolar:<\/u><\/strong>&nbsp; Haga clic en los enlaces a continuaci\u00f3n para ver el final de fin de a\u00f1o de la Sra. Caldarella.<\/p>\n\n\n\n<p>Ingl\u00e9s:&nbsp;&nbsp;&nbsp;&nbsp;&nbsp;&nbsp;&nbsp;&nbsp; <a href=\"https:\/\/www.smore.com\/x8q3p\">https:\/\/www.smore.com\/x8q3p<\/a><\/p>\n\n\n\n<p>Espa\u00f1ol:&nbsp;&nbsp;&nbsp;&nbsp;&nbsp;&nbsp;&nbsp;&nbsp; <a href=\"https:\/\/www.smore.com\/fcsev\">https:\/\/www.smore.com\/fcsev<\/a><\/p>\n\n\n\n<p><strong><u>Asamblea General de la PTA:<\/u><\/strong><strong><u><\/u><\/strong><\/p>\n\n\n\n<p>\u00a1Venga a la Reuni\u00f3n General de Diciembre de la PTA para escuchar m\u00e1s sobre los eventos patrocinados por la PTA, como el Baile Padre \/ Hija, el Evento Madre \/ Hijo, la Feria de Diversi\u00f3n Familiar, recaudaciones de fondos y m\u00e1s!&nbsp;<\/p>\n\n\n\n<p><strong>Cu\u00e1ndo: Martes, 13 de diciembre, 7PM<\/strong><strong><\/strong><\/p>\n\n\n\n<p><strong>D\u00f3nde: Biblioteca Primaria Fisher<\/strong><strong><\/strong><\/p>\n\n\n\n<p>Cada semana compartiremos informaci\u00f3n pertinente de nuestro manual escolar.&nbsp; El manual est\u00e1 disponible <a href=\"https:\/\/lyndenschools.wp.eresources.ws\/fisher-elementary\/family-handbook\/\">AQU\u00cd<\/a> en su totalidad.<\/p>\n\n\n\n<p><strong><u>Consejo profesional del Manual de Fisher: Objetos perdidos y encontrados<\/u><\/strong><strong><u><\/u><\/strong><\/p>\n\n\n\n<p>La escuela mantiene un &#8220;Lost and Found&#8221; para prendas de vestir no reclamadas ubicadas cerca de la oficina.&nbsp; Se anima a los estudiantes y padres a revisar el &#8220;Lost and Found&#8221; en busca de prendas de vestir.&nbsp; Los \u00fatiles escolares, etc. que se han perdido o extraviado se pueden reclamar en la oficina de la escuela.&nbsp; Se solicita a los padres que coloquen una identificaci\u00f3n adecuada en la ropa, loncheras, gafas, relojes, etc. para ayudarnos a devolver estos art\u00edculos a sus propietarios. Los art\u00edculos no reclamados ser\u00e1n donados a organizaciones ben\u00e9ficas locales a finales de junio.<\/p>\n\n\n\n<p>** El Fisher Lost and Found est\u00e1 empezando a llenarse. T\u00f3mese un momento para revisar el archivo adjunto para ver si reconoce alguno de estos elementos.<\/p>\n\n\n\n<p><strong>Clima invernal:<\/strong> &nbsp;Escuela de Lynden publica actualizaciones en su &nbsp;p\u00e1gina <a href=\"https:\/\/www.facebook.com\/LyndenSchools\/\">de Facebook<\/a> y <a href=\"https:\/\/twitter.com\/lyndenschools?lang=en\">cuenta de Twitter<\/a>. La informaci\u00f3n actualizada se encuentra en el sitio web del distrito <a href=\"http:\/\/www.lynden.wednet.edu\/\">www.lynden.wednet.edu<\/a>.&nbsp; <strong><u>Recuerde actualizar su p\u00e1gina web para ver informaci\u00f3n actualizada<\/u><\/strong><strong><u><\/u><\/strong><\/p>\n\n\n\n<p><strong><u>Recreo al aire libre:<\/u><\/strong>&nbsp; Aseg\u00farese de enviar a sus hijos a la escuela con ropa adecuada para exteriores. Se est\u00e1 volviendo cada vez m\u00e1s fr\u00edo y h\u00famedo, y los estudiantes tienen el recreo al aire libre lluvia o sol. Es muy \u00fatil enviar \/ guardar ropa extra en la mochila de su hijo en caso de que se moje mucho en el recreo.&nbsp; Tenemos algunos jugadores de f\u00fatbol dedicados que aman jugar en el campo y con eso viene la ropa mojada y fangosa.<\/p>\n\n\n\n<p><strong><u>Programa de invierno (concierto):<\/u><\/strong><strong> los grados<\/strong><strong>4 y 5 presentar\u00e1n &#8220;Crazy Carols&#8221; el 15 de diciembre a las 6:30.&nbsp; Las puertas se abrir\u00e1n a las 6:15. La<\/strong> entrada <strong>&nbsp;no ser\u00e1 la entrada principal, sino la entrada<\/strong> de<strong> estudiantes adyacente al gimnasio.<\/strong><strong><\/strong><\/p>\n\n\n\n<p><strong><u>Mirando hacia el futuro:<\/u><\/strong><\/p>\n\n\n\n<p>12\/12&nbsp;&nbsp;&nbsp;&nbsp;&nbsp;&nbsp;&nbsp;&nbsp;&nbsp;&nbsp;&nbsp;&nbsp;&nbsp;&nbsp;&nbsp;&nbsp;&nbsp;&nbsp; Presentaci\u00f3n de seguridad en Internet para3 y 4 grado<\/p>\n\n\n\n<p>12\/13&nbsp;&nbsp;&nbsp;&nbsp;&nbsp;&nbsp;&nbsp;&nbsp;&nbsp;&nbsp;&nbsp;&nbsp;&nbsp;&nbsp; Reuni\u00f3n General de la PTA 7PM, Fisher Library<\/p>\n\n\n\n<p>12\/14&nbsp;&nbsp;&nbsp;&nbsp;&nbsp;&nbsp;&nbsp;&nbsp;&nbsp;&nbsp;&nbsp;&nbsp;&nbsp;&nbsp; Mi\u00e9rcoles de inicio tard\u00edo \u2013 La escuela comienza a las 9:55&nbsp;<\/p>\n\n\n\n<p>12\/14&nbsp;&nbsp; &nbsp;&nbsp;&nbsp;&nbsp;&nbsp;&nbsp;&nbsp;&nbsp;&nbsp;&nbsp; &nbsp;&nbsp;&nbsp;Reuni\u00f3n de All Pro Padres de la PTA &nbsp;9-9:45am<\/p>\n\n\n\n<p>12\/15&nbsp;&nbsp;&nbsp;&nbsp;&nbsp;&nbsp;&nbsp;&nbsp;&nbsp;&nbsp;&nbsp;&nbsp;&nbsp;&nbsp; 4 \u00ba y 5<sup>\u00ba<\/sup> Grade Programa de invierno<\/p>\n\n\n\n<p>12\/16&nbsp;&nbsp;&nbsp;&nbsp;&nbsp;&nbsp;&nbsp;&nbsp;&nbsp;&nbsp;&nbsp;&nbsp;&nbsp;&nbsp; D\u00eda c\u00f3modo y acogedor \u2013 V\u00edstete con tu ropa m\u00e1s acogedora y c\u00f3moda&nbsp;&nbsp;&nbsp;&nbsp;<\/p>\n\n\n\n<p>12\/19-1\/2&nbsp;&nbsp;&nbsp;&nbsp;&nbsp;&nbsp;&nbsp; Vacaciones de invierno<\/p>\n\n\n\n<p>1\/3 &nbsp;&nbsp;&nbsp;&nbsp;&nbsp;&nbsp;&nbsp;&nbsp;&nbsp;&nbsp;&nbsp;&nbsp;&nbsp;&nbsp;&nbsp;&nbsp;&nbsp; Regreso a clases<\/p>\n\n\n\n<p>1\/11&nbsp;&nbsp;&nbsp;&nbsp;&nbsp;&nbsp;&nbsp;&nbsp;&nbsp;&nbsp;&nbsp;&nbsp;&nbsp;&nbsp;&nbsp;&nbsp; Reuni\u00f3n de todos los pap\u00e1s profesionales 9-9:45<\/p>\n\n\n\n<p>1\/16&nbsp;&nbsp;&nbsp;&nbsp;&nbsp;&nbsp;&nbsp;&nbsp;&nbsp;&nbsp;&nbsp;&nbsp;&nbsp;&nbsp;&nbsp;&nbsp; Sin escuela \u2013 D\u00eda de MLK Jr. observado<\/p>\n\n\n\n<p>1\/27&nbsp;&nbsp;&nbsp;&nbsp;&nbsp;&nbsp;&nbsp;&nbsp;&nbsp;&nbsp;&nbsp;&nbsp;&nbsp;&nbsp;&nbsp;&nbsp; No hay escuela para estudiantes \u2013 D\u00eda de aprendizaje profesional para maestros<\/p>\n","protected":false},"excerpt":{"rendered":"<p>&nbsp;Fisher Friday Update 12\/09\/2022 Fisher Monthly Character Trait for December: &nbsp;Empathy A \u201cPurposeFull\u201d Pursuit you can practice as a family: Review Empathy as a family! Remember that Empathy is understanding&nbsp;&hellip;&nbsp;<a href=\"https:\/\/lyndenschools.wp.eresources.ws\/fisher-elementary\/our-school\/weekly-memo\/\">Read&nbsp;More&nbsp;&raquo;<\/a><\/p>\n","protected":false},"author":1,"featured_media":0,"parent":2,"menu_order":2,"comment_status":"closed","ping_status":"closed","template":"","meta":{"footnotes":""},"class_list":["post-28","page","type-page","status-publish","hentry"],"distributor_meta":false,"distributor_terms":false,"distributor_media":false,"distributor_original_site_name":"Fisher Elementary","distributor_original_site_url":"https:\/\/lyndenschools.wp.eresources.ws\/fisher-elementary","push-errors":false,"_links":{"self":[{"href":"https:\/\/lyndenschools.wp.eresources.ws\/fisher-elementary\/wp-json\/wp\/v2\/pages\/28","targetHints":{"allow":["GET"]}}],"collection":[{"href":"https:\/\/lyndenschools.wp.eresources.ws\/fisher-elementary\/wp-json\/wp\/v2\/pages"}],"about":[{"href":"https:\/\/lyndenschools.wp.eresources.ws\/fisher-elementary\/wp-json\/wp\/v2\/types\/page"}],"author":[{"embeddable":true,"href":"https:\/\/lyndenschools.wp.eresources.ws\/fisher-elementary\/wp-json\/wp\/v2\/users\/1"}],"replies":[{"embeddable":true,"href":"https:\/\/lyndenschools.wp.eresources.ws\/fisher-elementary\/wp-json\/wp\/v2\/comments?post=28"}],"version-history":[{"count":12,"href":"https:\/\/lyndenschools.wp.eresources.ws\/fisher-elementary\/wp-json\/wp\/v2\/pages\/28\/revisions"}],"predecessor-version":[{"id":493,"href":"https:\/\/lyndenschools.wp.eresources.ws\/fisher-elementary\/wp-json\/wp\/v2\/pages\/28\/revisions\/493"}],"up":[{"embeddable":true,"href":"https:\/\/lyndenschools.wp.eresources.ws\/fisher-elementary\/wp-json\/wp\/v2\/pages\/2"}],"wp:attachment":[{"href":"https:\/\/lyndenschools.wp.eresources.ws\/fisher-elementary\/wp-json\/wp\/v2\/media?parent=28"}],"curies":[{"name":"wp","href":"https:\/\/api.w.org\/{rel}","templated":true}]}}